{"id":409,"date":"2019-11-11T19:54:28","date_gmt":"2019-11-11T19:54:28","guid":{"rendered":"http:\/\/neuewebsite.lilia-vinnikova.de\/?page_id=409"},"modified":"2023-01-06T19:49:48","modified_gmt":"2023-01-06T18:49:48","slug":"kontakt","status":"publish","type":"page","link":"https:\/\/lilia-vinnikova.de\/ru\/kontakt\/","title":{"rendered":"\u041a\u043e\u043d\u0442\u0430\u043a\u0442"},"content":{"rendered":"<div data-elementor-type=\"wp-page\" data-elementor-id=\"409\" class=\"elementor elementor-409\">\n\t\t\t\t\t\t<div class=\"elementor-inner\">\n\t\t\t\t<div class=\"elementor-section-wrap\">\n\t\t\t\t\t\t\t\t\t<section class=\"elementor-section elementor-top-section elementor-element elementor-element-a8c29c5 elementor-section-boxed elementor-section-height-default elementor-section-height-default\" data-id=\"a8c29c5\" data-element_type=\"section\">\n\t\t\t\t\t\t<div class=\"elementor-container elementor-column-gap-default\">\n\t\t\t\t\t\t\t<div class=\"elementor-row\">\n\t\t\t\t\t<div class=\"elementor-column elementor-col-100 elementor-top-column elementor-element elementor-element-190a9f33\" data-id=\"190a9f33\" data-element_type=\"column\">\n\t\t\t<div class=\"elementor-column-wrap elementor-element-populated\">\n\t\t\t\t\t\t\t<div class=\"elementor-widget-wrap\">\n\t\t\t\t\t\t<div class=\"elementor-element elementor-element-194785c elementor-widget elementor-widget-wp-widget-maxmegamenu\" data-id=\"194785c\" data-element_type=\"widget\" data-widget_type=\"wp-widget-maxmegamenu.default\">\n\t\t\t\t<div class=\"elementor-widget-container\">\n\t\t\t<div id=\"mega-menu-wrap-max_mega_menu_1\" class=\"mega-menu-wrap\"><div class=\"mega-menu-toggle\"><div class=\"mega-toggle-blocks-left\"><\/div><div class=\"mega-toggle-blocks-center\"><\/div><div class=\"mega-toggle-blocks-right\"><div class='mega-toggle-block mega-menu-toggle-animated-block mega-toggle-block-0' id='mega-toggle-block-0'><button aria-label=\"Toggle Menu\" class=\"mega-toggle-animated mega-toggle-animated-slider\" type=\"button\" aria-expanded=\"false\">\n                  <span class=\"mega-toggle-animated-box\">\n                    <span class=\"mega-toggle-animated-inner\"><\/span>\n                  <\/span>\n                <\/button><\/div><\/div><\/div><ul id=\"mega-menu-max_mega_menu_1\" class=\"mega-menu max-mega-menu mega-menu-horizontal mega-no-js\" data-event=\"hover_intent\" data-effect=\"fade_up\" data-effect-speed=\"200\" data-effect-mobile=\"disabled\" data-effect-speed-mobile=\"0\" data-mobile-force-width=\"false\" data-second-click=\"go\" data-document-click=\"collapse\" data-vertical-behaviour=\"standard\" data-breakpoint=\"768\" data-unbind=\"true\" data-mobile-state=\"collapse_all\" data-hover-intent-timeout=\"300\" data-hover-intent-interval=\"100\"><li class='mega-menu-item mega-menu-item-type-post_type mega-menu-item-object-page mega-menu-item-home mega-align-bottom-left mega-menu-flyout mega-menu-item-525' id='mega-menu-item-525'><a class=\"mega-menu-link\" href=\"https:\/\/lilia-vinnikova.de\/ru\/\" tabindex=\"0\">\u041f\u0435\u0440\u0435\u0432\u043e\u0434\u0447\u0438\u043a \u043d\u0435\u043c\u0435\u0446\u043a\u043e\u0433\u043e \u0438 \u0440\u0443\u0441\u0441\u043a\u043e\u0433\u043e \u044f\u0437\u044b\u043a\u043e\u0432 \u041b\u0438\u043b\u0438\u044f \u0412\u0438\u043d\u043d\u0438\u043a\u043e\u0432\u0430<\/a><\/li><li class='mega-menu-item mega-menu-item-type-post_type mega-menu-item-object-page mega-align-bottom-left mega-menu-flyout mega-menu-item-543' id='mega-menu-item-543'><a class=\"mega-menu-link\" href=\"https:\/\/lilia-vinnikova.de\/ru\/uebersetzung-russisch-medizin-recht-technik-werbung\/\" tabindex=\"0\">\u041f\u0435\u0440\u0435\u0432\u043e\u0434 \u0441 \u043d\u0435\u043c\u0435\u0446\u043a\u043e\u0433\u043e \u043d\u0430 \u0440\u0443\u0441\u0441\u043a\u0438\u0439 \u0438 \u0441 \n \u0440\u0443\u0441\u0441\u043a\u043e\u0433\u043e \u043d\u0430 \u043d\u0435\u043c\u0435\u0446\u043a\u0438\u0439<\/a><\/li><li class='mega-menu-item mega-menu-item-type-post_type mega-menu-item-object-page mega-align-bottom-left mega-menu-flyout mega-menu-item-533' id='mega-menu-item-533'><a class=\"mega-menu-link\" href=\"https:\/\/lilia-vinnikova.de\/ru\/beglaubigte-uebersetzung-russisch\/\" tabindex=\"0\">\u0417\u0430\u0432\u0435\u0440\u0435\u043d\u043d\u044b\u0439 \u043f\u0435\u0440\u0435\u0432\u043e\u0434 \u0441 \u0440\u0443\u0441\u0441\u043a\u043e\u0433\u043e \u043d\u0430 \u043d\u0435\u043c\u0435\u0446\u043a\u0438\u0439 \u0438 \u0441 \u043d\u0435\u043c\u0435\u0446\u043a\u043e\u0433\u043e \u043d\u0430 \u0440\u0443\u0441\u0441\u043a\u0438\u0439<\/a><\/li><li class='mega-menu-item mega-menu-item-type-post_type mega-menu-item-object-page mega-align-bottom-left mega-menu-flyout mega-menu-item-539' id='mega-menu-item-539'><a class=\"mega-menu-link\" href=\"https:\/\/lilia-vinnikova.de\/ru\/buch-musteruebersetzungen-urkunden-russisch-deutsch-und-deutsch-russisch\/\" tabindex=\"0\">\u041c\u043e\u044f \u043a\u043d\u0438\u0433\u0430<\/a><\/li><li class='mega-menu-item mega-menu-item-type-post_type mega-menu-item-object-page mega-align-bottom-left mega-menu-flyout mega-menu-item-541' id='mega-menu-item-541'><a class=\"mega-menu-link\" href=\"https:\/\/lilia-vinnikova.de\/ru\/uebersetzer-russisch-medizin-recht-technik-werbung\/\" tabindex=\"0\">\u041e\u0431\u043e \u043c\u043d\u0435<\/a><\/li><li class='mega-menu-item mega-menu-item-type-post_type mega-menu-item-object-page mega-align-bottom-left mega-menu-flyout mega-menu-item-537' id='mega-menu-item-537'><a class=\"mega-menu-link\" href=\"https:\/\/lilia-vinnikova.de\/ru\/kontakt\/\" tabindex=\"0\">\u041a\u043e\u043d\u0442\u0430\u043a\u0442<\/a><\/li><\/ul><\/div>\t\t<\/div>\n\t\t\t\t<\/div>\n\t\t\t\t\t\t<\/div>\n\t\t\t\t\t<\/div>\n\t\t<\/div>\n\t\t\t\t\t\t\t\t<\/div>\n\t\t\t\t\t<\/div>\n\t\t<\/section>\n\t\t\t\t<section class=\"elementor-section elementor-top-section elementor-element elementor-element-3d6f035e elementor-section-boxed elementor-section-height-default elementor-section-height-default\" data-id=\"3d6f035e\" data-element_type=\"section\" data-settings=\"{&quot;background_background&quot;:&quot;classic&quot;}\">\n\t\t\t\t\t\t\t<div class=\"elementor-background-overlay\"><\/div>\n\t\t\t\t\t\t\t<div class=\"elementor-container elementor-column-gap-default\">\n\t\t\t\t\t\t\t<div class=\"elementor-row\">\n\t\t\t\t\t<div class=\"elementor-column elementor-col-100 elementor-top-column elementor-element elementor-element-176917b1\" data-id=\"176917b1\" data-element_type=\"column\">\n\t\t\t<div class=\"elementor-column-wrap elementor-element-populated\">\n\t\t\t\t\t\t\t<div class=\"elementor-widget-wrap\">\n\t\t\t\t\t\t<div class=\"elementor-element elementor-element-3ce01885 elementor-widget elementor-widget-heading\" data-id=\"3ce01885\" data-element_type=\"widget\" data-widget_type=\"heading.default\">\n\t\t\t\t<div class=\"elementor-widget-container\">\n\t\t\t<h1 class=\"elementor-heading-title elementor-size-large\">\u041f\u0435\u0440\u0435\u0432\u043e\u0434\u0447\u0438\u043a \u043d\u0435\u043c\u0435\u0446\u043a\u043e\u0433\u043e \u0438 \u0440\u0443\u0441\u0441\u043a\u043e\u0433\u043e \u044f\u0437\u044b\u043a\u043e\u0432 \u041b\u0438\u043b\u0438\u044f \u0412\u0438\u043d\u043d\u0438\u043a\u043e\u0432\u0430<\/h1>\t\t<\/div>\n\t\t\t\t<\/div>\n\t\t\t\t\t\t<\/div>\n\t\t\t\t\t<\/div>\n\t\t<\/div>\n\t\t\t\t\t\t\t\t<\/div>\n\t\t\t\t\t<\/div>\n\t\t<\/section>\n\t\t\t\t<section class=\"elementor-section elementor-top-section elementor-element elementor-element-2b13bb24 elementor-section-content-middle elementor-section-boxed elementor-section-height-default elementor-section-height-default\" data-id=\"2b13bb24\" data-element_type=\"section\" data-settings=\"{&quot;background_background&quot;:&quot;classic&quot;}\">\n\t\t\t\t\t\t<div class=\"elementor-container elementor-column-gap-default\">\n\t\t\t\t\t\t\t<div class=\"elementor-row\">\n\t\t\t\t\t<div class=\"elementor-column elementor-col-100 elementor-top-column elementor-element elementor-element-31817ca\" data-id=\"31817ca\" data-element_type=\"column\">\n\t\t\t<div class=\"elementor-column-wrap elementor-element-populated\">\n\t\t\t\t\t\t\t<div class=\"elementor-widget-wrap\">\n\t\t\t\t\t\t<div class=\"elementor-element elementor-element-2fc6f4e3 elementor-widget-divider--view-line elementor-widget elementor-widget-divider\" data-id=\"2fc6f4e3\" data-element_type=\"widget\" data-widget_type=\"divider.default\">\n\t\t\t\t<div class=\"elementor-widget-container\">\n\t\t\t\t\t<div class=\"elementor-divider\">\n\t\t\t<span class=\"elementor-divider-separator\">\n\t\t\t\t\t\t<\/span>\n\t\t<\/div>\n\t\t\t\t<\/div>\n\t\t\t\t<\/div>\n\t\t\t\t<div class=\"elementor-element elementor-element-35b78140 elementor-widget elementor-widget-heading\" data-id=\"35b78140\" data-element_type=\"widget\" data-widget_type=\"heading.default\">\n\t\t\t\t<div class=\"elementor-widget-container\">\n\t\t\t<h2 class=\"elementor-heading-title elementor-size-large\">\u0412\u0430\u0448 \u0437\u0430\u043f\u0440\u043e\u0441 \u043d\u0430 \u043f\u0435\u0440\u0435\u0432\u043e\u0434<\/h2>\t\t<\/div>\n\t\t\t\t<\/div>\n\t\t\t\t<div class=\"elementor-element elementor-element-5440452f elementor-widget elementor-widget-text-editor\" data-id=\"5440452f\" data-element_type=\"widget\" data-widget_type=\"text-editor.default\">\n\t\t\t\t<div class=\"elementor-widget-container\">\n\t\t\t\t\t\t\t\t<div class=\"elementor-text-editor elementor-clearfix\">\n\t\t\t\t<p>\u0412\u044b \u043c\u043e\u0436\u0435\u0442\u0435 \u043e\u0442\u043f\u0440\u0430\u0432\u0438\u0442\u044c \u043c\u043d\u0435 \u0437\u0430\u043f\u0440\u043e\u0441 \u043d\u0430 \u043f\u0435\u0440\u0435\u0432\u043e\u0434 \u043f\u043e \u044d\u043b\u0435\u043a\u0442\u0440\u043e\u043d\u043d\u043e\u0439 \u043f\u043e\u0447\u0442\u0435:<\/p><p><strong>info@lilia-vinnikova.de<\/strong><\/p><p>\u041f\u043e\u0441\u0442\u0430\u0440\u0430\u0439\u0442\u0435\u0441\u044c \u0441\u0444\u043e\u0440\u043c\u0443\u043b\u0438\u0440\u043e\u0432\u0430\u0442\u044c \u0437\u0430\u043f\u0440\u043e\u0441 \u043a\u0430\u043a \u043c\u043e\u0436\u043d\u043e \u043f\u043e\u0434\u0440\u043e\u0431\u043d\u0435\u0435 \u0438 \u043f\u0440\u0438\u043b\u043e\u0436\u0438\u0442\u0435 \u043a \u043d\u0435\u043c\u0443 \u043e\u0442\u0441\u043a\u0430\u043d\u0438\u0440\u043e\u0432\u0430\u043d\u043d\u044b\u0439 \u0434\u043e\u043a\u0443\u043c\u0435\u043d\u0442 \u0434\u043b\u044f \u043f\u0435\u0440\u0435\u0432\u043e\u0434\u0430. \u0412 \u043e\u0442\u0432\u0435\u0442 \u044f \u0431\u0435\u0441\u043f\u043b\u0430\u0442\u043d\u043e \u043d\u0430\u043f\u0440\u0430\u0432\u043b\u044e \u0432\u0430\u043c \u043f\u043e \u044d\u043b\u0435\u043a\u0442\u0440\u043e\u043d\u043d\u043e\u0439 \u043f\u043e\u0447\u0442\u0435 \u043d\u0435\u043e\u0431\u044f\u0437\u044b\u0432\u0430\u044e\u0449\u0435\u0435 \u043a\u043e\u043c\u043c\u0435\u0440\u0447\u0435\u0441\u043a\u043e\u0435 \u043f\u0440\u0435\u0434\u043b\u043e\u0436\u0435\u043d\u0438\u0435.<\/p><p>\u041f\u0440\u043e\u0448\u0443 \u0432\u0430\u0441 \u0443\u0447\u0435\u0441\u0442\u044c, \u0447\u0442\u043e \u0431\u0435\u0437 \u0434\u043e\u043a\u0443\u043c\u0435\u043d\u0442\u0430 \u0434\u043b\u044f \u043f\u0435\u0440\u0435\u0432\u043e\u0434\u0430 \u044f \u043d\u0435 \u0441\u043c\u043e\u0433\u0443 \u043e\u043f\u0440\u0435\u0434\u0435\u043b\u0438\u0442\u044c \u0441\u0442\u043e\u0438\u043c\u043e\u0441\u0442\u044c \u0438 \u0441\u0440\u043e\u043a \u0432\u044b\u043f\u043e\u043b\u043d\u0435\u043d\u0438\u044f \u0440\u0430\u0431\u043e\u0442\u044b.<\/p><p>\u041f\u0435\u0440\u0435\u0432\u043e\u0434 \u043d\u0435\u043a\u043e\u0442\u043e\u0440\u044b\u0445 \u043e\u0444\u0438\u0446\u0438\u0430\u043b\u044c\u043d\u044b\u0445 \u0434\u043e\u043a\u0443\u043c\u0435\u043d\u0442\u043e\u0432 \u0441 \u0440\u0443\u0441\u0441\u043a\u043e\u0433\u043e \u043d\u0430 \u043d\u0435\u043c\u0435\u0446\u043a\u0438\u0439 \u0438 \u0441 \u043d\u0435\u043c\u0435\u0446\u043a\u043e\u0433\u043e \u043d\u0430 \u0440\u0443\u0441\u0441\u043a\u0438\u0439 \u044f\u0437\u044b\u043a \u044f \u0434\u0435\u043b\u0430\u044e \u043f\u043e \u0444\u0438\u043a\u0441\u0438\u0440\u043e\u0432\u0430\u043d\u043d\u043e\u0439 \u0446\u0435\u043d\u0435. \u0421\u043f\u0438\u0441\u043e\u043a \u044d\u0442\u0438\u0445 \u0434\u043e\u043a\u0443\u043c\u0435\u043d\u0442\u043e\u0432 \u0441\u043e\u0434\u0435\u0440\u0436\u0438\u0442\u0441\u044f \u0432 \u0440\u0430\u0437\u0434\u0435\u043b\u0435 <a href=\"https:\/\/lilia-vinnikova.de\/ru\/beglaubigte-uebersetzung-russisch\/\">\u0417\u0410\u0412\u0415\u0420\u0415\u041d\u041d\u042b\u0419 \u041f\u0415\u0420\u0415\u0412\u041e\u0414<\/a>.<\/p>\t\t\t\t\t<\/div>\n\t\t\t\t\t\t<\/div>\n\t\t\t\t<\/div>\n\t\t\t\t\t\t<\/div>\n\t\t\t\t\t<\/div>\n\t\t<\/div>\n\t\t\t\t\t\t\t\t<\/div>\n\t\t\t\t\t<\/div>\n\t\t<\/section>\n\t\t\t\t<section class=\"elementor-section elementor-top-section elementor-element elementor-element-45cc7e25 elementor-section-boxed elementor-section-height-default elementor-section-height-default\" data-id=\"45cc7e25\" data-element_type=\"section\">\n\t\t\t\t\t\t\t<div class=\"elementor-background-overlay\"><\/div>\n\t\t\t\t\t\t\t<div class=\"elementor-container elementor-column-gap-default\">\n\t\t\t\t\t\t\t<div class=\"elementor-row\">\n\t\t\t\t\t<div class=\"elementor-column elementor-col-100 elementor-top-column elementor-element elementor-element-6f5499e5\" data-id=\"6f5499e5\" data-element_type=\"column\">\n\t\t\t<div class=\"elementor-column-wrap elementor-element-populated\">\n\t\t\t\t\t\t\t<div class=\"elementor-widget-wrap\">\n\t\t\t\t\t\t<div class=\"elementor-element elementor-element-17c282e0 elementor-widget elementor-widget-text-editor\" data-id=\"17c282e0\" data-element_type=\"widget\" data-widget_type=\"text-editor.default\">\n\t\t\t\t<div class=\"elementor-widget-container\">\n\t\t\t\t\t\t\t\t<div class=\"elementor-text-editor elementor-clearfix\">\n\t\t\t\t<p>Copyright \u00a9 2010-2023 Lilia Vinnikova<\/p>\t\t\t\t\t<\/div>\n\t\t\t\t\t\t<\/div>\n\t\t\t\t<\/div>\n\t\t\t\t\t\t<\/div>\n\t\t\t\t\t<\/div>\n\t\t<\/div>\n\t\t\t\t\t\t\t\t<\/div>\n\t\t\t\t\t<\/div>\n\t\t<\/section>\n\t\t\t\t\t\t\t\t\t<\/div>\n\t\t\t<\/div>\n\t\t\t\t\t<\/div>","protected":false},"excerpt":{"rendered":"<p>\u00dcbersetzerin f\u00fcr Russisch und Deutsch Lilia Vinnikova Ihre \u00dcbersetzungsanfrage Sie k\u00f6nnen mir Ihre \u00dcbersetzungsanfrage gern per E-Mail schicken: info@lilia-vinnikova.de Bitte formulieren Sie Ihre Anfrage so detailliert wie m\u00f6glich und h\u00e4ngen Sie das eingescannte zu \u00fcbersetzende Dokument an. Ich werde Ihnen per E-Mail antworten und ein kostenloses unverbindliches Angebot unterbreiten. Bitte beachten Sie, dass ich Ihnen &hellip; <\/p>\n<p class=\"link-more\"><a href=\"https:\/\/lilia-vinnikova.de\/ru\/kontakt\/\" class=\"more-link\">\u0427\u0438\u0442\u0430\u0442\u044c \u0434\u0430\u043b\u0435\u0435<span class=\"screen-reader-text\"> \u00abKontakt\u00bb<\/span><\/a><\/p>","protected":false},"author":1,"featured_media":0,"parent":0,"menu_order":0,"comment_status":"closed","ping_status":"closed","template":"elementor_canvas","meta":[],"_links":{"self":[{"href":"https:\/\/lilia-vinnikova.de\/ru\/wp-json\/wp\/v2\/pages\/409"}],"collection":[{"href":"https:\/\/lilia-vinnikova.de\/ru\/wp-json\/wp\/v2\/pages"}],"about":[{"href":"https:\/\/lilia-vinnikova.de\/ru\/wp-json\/wp\/v2\/types\/page"}],"author":[{"embeddable":true,"href":"https:\/\/lilia-vinnikova.de\/ru\/wp-json\/wp\/v2\/users\/1"}],"replies":[{"embeddable":true,"href":"https:\/\/lilia-vinnikova.de\/ru\/wp-json\/wp\/v2\/comments?post=409"}],"version-history":[{"count":26,"href":"https:\/\/lilia-vinnikova.de\/ru\/wp-json\/wp\/v2\/pages\/409\/revisions"}],"predecessor-version":[{"id":926,"href":"https:\/\/lilia-vinnikova.de\/ru\/wp-json\/wp\/v2\/pages\/409\/revisions\/926"}],"wp:attachment":[{"href":"https:\/\/lilia-vinnikova.de\/ru\/wp-json\/wp\/v2\/media?parent=409"}],"curies":[{"name":"wp","href":"https:\/\/api.w.org\/{rel}","templated":true}]}}