{"id":445,"date":"2020-01-29T14:59:42","date_gmt":"2020-01-29T13:59:42","guid":{"rendered":"http:\/\/neuewebsite.lilia-vinnikova.de\/?page_id=445"},"modified":"2023-01-06T19:50:19","modified_gmt":"2023-01-06T18:50:19","slug":"buch-musteruebersetzungen-urkunden-russisch-deutsch-und-deutsch-russisch","status":"publish","type":"page","link":"https:\/\/lilia-vinnikova.de\/ru\/buch-musteruebersetzungen-urkunden-russisch-deutsch-und-deutsch-russisch\/","title":{"rendered":"\u041c\u043e\u044f \u043a\u043d\u0438\u0433\u0430"},"content":{"rendered":"<div data-elementor-type=\"wp-page\" data-elementor-id=\"445\" class=\"elementor elementor-445\">\n\t\t\t\t\t\t<div class=\"elementor-inner\">\n\t\t\t\t<div class=\"elementor-section-wrap\">\n\t\t\t\t\t\t\t\t\t<section class=\"elementor-section elementor-top-section elementor-element elementor-element-32f8eb3f elementor-section-boxed elementor-section-height-default elementor-section-height-default\" data-id=\"32f8eb3f\" data-element_type=\"section\">\n\t\t\t\t\t\t<div class=\"elementor-container elementor-column-gap-default\">\n\t\t\t\t\t\t\t<div class=\"elementor-row\">\n\t\t\t\t\t<div class=\"elementor-column elementor-col-100 elementor-top-column elementor-element elementor-element-dbe0876\" data-id=\"dbe0876\" data-element_type=\"column\">\n\t\t\t<div class=\"elementor-column-wrap elementor-element-populated\">\n\t\t\t\t\t\t\t<div class=\"elementor-widget-wrap\">\n\t\t\t\t\t\t<div class=\"elementor-element elementor-element-6887d02 elementor-widget elementor-widget-wp-widget-maxmegamenu\" data-id=\"6887d02\" data-element_type=\"widget\" data-widget_type=\"wp-widget-maxmegamenu.default\">\n\t\t\t\t<div class=\"elementor-widget-container\">\n\t\t\t<div id=\"mega-menu-wrap-max_mega_menu_1\" class=\"mega-menu-wrap\"><div class=\"mega-menu-toggle\"><div class=\"mega-toggle-blocks-left\"><\/div><div class=\"mega-toggle-blocks-center\"><\/div><div class=\"mega-toggle-blocks-right\"><div class='mega-toggle-block mega-menu-toggle-animated-block mega-toggle-block-0' id='mega-toggle-block-0'><button aria-label=\"Toggle Menu\" class=\"mega-toggle-animated mega-toggle-animated-slider\" type=\"button\" aria-expanded=\"false\">\n                  <span class=\"mega-toggle-animated-box\">\n                    <span class=\"mega-toggle-animated-inner\"><\/span>\n                  <\/span>\n                <\/button><\/div><\/div><\/div><ul id=\"mega-menu-max_mega_menu_1\" class=\"mega-menu max-mega-menu mega-menu-horizontal mega-no-js\" data-event=\"hover_intent\" data-effect=\"fade_up\" data-effect-speed=\"200\" data-effect-mobile=\"disabled\" data-effect-speed-mobile=\"0\" data-mobile-force-width=\"false\" data-second-click=\"go\" data-document-click=\"collapse\" data-vertical-behaviour=\"standard\" data-breakpoint=\"768\" data-unbind=\"true\" data-mobile-state=\"collapse_all\" data-hover-intent-timeout=\"300\" data-hover-intent-interval=\"100\"><li class='mega-menu-item mega-menu-item-type-post_type mega-menu-item-object-page mega-menu-item-home mega-align-bottom-left mega-menu-flyout mega-menu-item-525' id='mega-menu-item-525'><a class=\"mega-menu-link\" href=\"https:\/\/lilia-vinnikova.de\/ru\/\" tabindex=\"0\">\u041f\u0435\u0440\u0435\u0432\u043e\u0434\u0447\u0438\u043a \u043d\u0435\u043c\u0435\u0446\u043a\u043e\u0433\u043e \u0438 \u0440\u0443\u0441\u0441\u043a\u043e\u0433\u043e \u044f\u0437\u044b\u043a\u043e\u0432 \u041b\u0438\u043b\u0438\u044f \u0412\u0438\u043d\u043d\u0438\u043a\u043e\u0432\u0430<\/a><\/li><li class='mega-menu-item mega-menu-item-type-post_type mega-menu-item-object-page mega-align-bottom-left mega-menu-flyout mega-menu-item-543' id='mega-menu-item-543'><a class=\"mega-menu-link\" href=\"https:\/\/lilia-vinnikova.de\/ru\/uebersetzung-russisch-medizin-recht-technik-werbung\/\" tabindex=\"0\">\u041f\u0435\u0440\u0435\u0432\u043e\u0434 \u0441 \u043d\u0435\u043c\u0435\u0446\u043a\u043e\u0433\u043e \u043d\u0430 \u0440\u0443\u0441\u0441\u043a\u0438\u0439 \u0438 \u0441 \n \u0440\u0443\u0441\u0441\u043a\u043e\u0433\u043e \u043d\u0430 \u043d\u0435\u043c\u0435\u0446\u043a\u0438\u0439<\/a><\/li><li class='mega-menu-item mega-menu-item-type-post_type mega-menu-item-object-page mega-align-bottom-left mega-menu-flyout mega-menu-item-533' id='mega-menu-item-533'><a class=\"mega-menu-link\" href=\"https:\/\/lilia-vinnikova.de\/ru\/beglaubigte-uebersetzung-russisch\/\" tabindex=\"0\">\u0417\u0430\u0432\u0435\u0440\u0435\u043d\u043d\u044b\u0439 \u043f\u0435\u0440\u0435\u0432\u043e\u0434 \u0441 \u0440\u0443\u0441\u0441\u043a\u043e\u0433\u043e \u043d\u0430 \u043d\u0435\u043c\u0435\u0446\u043a\u0438\u0439 \u0438 \u0441 \u043d\u0435\u043c\u0435\u0446\u043a\u043e\u0433\u043e \u043d\u0430 \u0440\u0443\u0441\u0441\u043a\u0438\u0439<\/a><\/li><li class='mega-menu-item mega-menu-item-type-post_type mega-menu-item-object-page mega-align-bottom-left mega-menu-flyout mega-menu-item-539' id='mega-menu-item-539'><a class=\"mega-menu-link\" href=\"https:\/\/lilia-vinnikova.de\/ru\/buch-musteruebersetzungen-urkunden-russisch-deutsch-und-deutsch-russisch\/\" tabindex=\"0\">\u041c\u043e\u044f \u043a\u043d\u0438\u0433\u0430<\/a><\/li><li class='mega-menu-item mega-menu-item-type-post_type mega-menu-item-object-page mega-align-bottom-left mega-menu-flyout mega-menu-item-541' id='mega-menu-item-541'><a class=\"mega-menu-link\" href=\"https:\/\/lilia-vinnikova.de\/ru\/uebersetzer-russisch-medizin-recht-technik-werbung\/\" tabindex=\"0\">\u041e\u0431\u043e \u043c\u043d\u0435<\/a><\/li><li class='mega-menu-item mega-menu-item-type-post_type mega-menu-item-object-page mega-align-bottom-left mega-menu-flyout mega-menu-item-537' id='mega-menu-item-537'><a class=\"mega-menu-link\" href=\"https:\/\/lilia-vinnikova.de\/ru\/kontakt\/\" tabindex=\"0\">\u041a\u043e\u043d\u0442\u0430\u043a\u0442<\/a><\/li><\/ul><\/div>\t\t<\/div>\n\t\t\t\t<\/div>\n\t\t\t\t\t\t<\/div>\n\t\t\t\t\t<\/div>\n\t\t<\/div>\n\t\t\t\t\t\t\t\t<\/div>\n\t\t\t\t\t<\/div>\n\t\t<\/section>\n\t\t\t\t<section class=\"elementor-section elementor-top-section elementor-element elementor-element-45d68e75 elementor-section-boxed elementor-section-height-default elementor-section-height-default\" data-id=\"45d68e75\" data-element_type=\"section\" data-settings=\"{&quot;background_background&quot;:&quot;classic&quot;}\">\n\t\t\t\t\t\t\t<div class=\"elementor-background-overlay\"><\/div>\n\t\t\t\t\t\t\t<div class=\"elementor-container elementor-column-gap-default\">\n\t\t\t\t\t\t\t<div class=\"elementor-row\">\n\t\t\t\t\t<div class=\"elementor-column elementor-col-100 elementor-top-column elementor-element elementor-element-532f965c\" data-id=\"532f965c\" data-element_type=\"column\">\n\t\t\t<div class=\"elementor-column-wrap elementor-element-populated\">\n\t\t\t\t\t\t\t<div class=\"elementor-widget-wrap\">\n\t\t\t\t\t\t<div class=\"elementor-element elementor-element-69bff1bc elementor-widget elementor-widget-heading\" data-id=\"69bff1bc\" data-element_type=\"widget\" data-widget_type=\"heading.default\">\n\t\t\t\t<div class=\"elementor-widget-container\">\n\t\t\t<h1 class=\"elementor-heading-title elementor-size-large\">\u041f\u0435\u0440\u0435\u0432\u043e\u0434\u0447\u0438\u043a \u043d\u0435\u043c\u0435\u0446\u043a\u043e\u0433\u043e \u0438 \u0440\u0443\u0441\u0441\u043a\u043e\u0433\u043e \u044f\u0437\u044b\u043a\u043e\u0432 \u041b\u0438\u043b\u0438\u044f \u0412\u0438\u043d\u043d\u0438\u043a\u043e\u0432\u0430<\/h1>\t\t<\/div>\n\t\t\t\t<\/div>\n\t\t\t\t\t\t<\/div>\n\t\t\t\t\t<\/div>\n\t\t<\/div>\n\t\t\t\t\t\t\t\t<\/div>\n\t\t\t\t\t<\/div>\n\t\t<\/section>\n\t\t\t\t<section class=\"elementor-section elementor-top-section elementor-element elementor-element-3f486a65 elementor-section-content-middle elementor-section-boxed elementor-section-height-default elementor-section-height-default\" data-id=\"3f486a65\" data-element_type=\"section\" data-settings=\"{&quot;background_background&quot;:&quot;classic&quot;}\">\n\t\t\t\t\t\t<div class=\"elementor-container elementor-column-gap-default\">\n\t\t\t\t\t\t\t<div class=\"elementor-row\">\n\t\t\t\t\t<div class=\"elementor-column elementor-col-100 elementor-top-column elementor-element elementor-element-5c794873\" data-id=\"5c794873\" data-element_type=\"column\">\n\t\t\t<div class=\"elementor-column-wrap elementor-element-populated\">\n\t\t\t\t\t\t\t<div class=\"elementor-widget-wrap\">\n\t\t\t\t\t\t<div class=\"elementor-element elementor-element-7153511a elementor-widget-divider--view-line elementor-widget elementor-widget-divider\" data-id=\"7153511a\" data-element_type=\"widget\" data-widget_type=\"divider.default\">\n\t\t\t\t<div class=\"elementor-widget-container\">\n\t\t\t\t\t<div class=\"elementor-divider\">\n\t\t\t<span class=\"elementor-divider-separator\">\n\t\t\t\t\t\t<\/span>\n\t\t<\/div>\n\t\t\t\t<\/div>\n\t\t\t\t<\/div>\n\t\t\t\t<div class=\"elementor-element elementor-element-715dfcd elementor-widget elementor-widget-heading\" data-id=\"715dfcd\" data-element_type=\"widget\" data-widget_type=\"heading.default\">\n\t\t\t\t<div class=\"elementor-widget-container\">\n\t\t\t<h2 class=\"elementor-heading-title elementor-size-large\">Mein Buch:<br>Muster\u00fcbersetzungen von Urkunden Russisch\u2013Deutsch und Deutsch\u2013Russisch<\/h2>\t\t<\/div>\n\t\t\t\t<\/div>\n\t\t\t\t<div class=\"elementor-element elementor-element-7698f80a elementor-widget elementor-widget-text-editor\" data-id=\"7698f80a\" data-element_type=\"widget\" data-widget_type=\"text-editor.default\">\n\t\t\t\t<div class=\"elementor-widget-container\">\n\t\t\t\t\t\t\t\t<div class=\"elementor-text-editor elementor-clearfix\">\n\t\t\t\t<p>Dieses Buch ist als eine praktische Hilfe f\u00fcr den beruflichen Alltag von Urkunden\u00fcbersetzern f\u00fcr Russisch und Deutsch konzipiert.<\/p><p>Am Anfang werden einige n\u00fctzliche Begriffe vorgestellt und praktische Empfehlungen gegeben. Den zentralen Teil des Buchs stellen Originalurkunden sowie Muster\u00fcbersetzungen von Urkunden dar, die im Alltag eines Deutsch- und Russisch-\u00dcbersetzers am meisten vorkommen. Es werden Urkunden behandelt, die in deutscher oder russischer Sprache verfasst wurden und jeweils in die russische oder deutsche Sprache \u00fcbersetzt und \u201ebeglaubigt\u201c werden. Diese \u00dcbersetzungen werden vor allem in Deutschland verwendet: sie sind f\u00fcr deutsche Beh\u00f6rden und Einrichtungen sowie f\u00fcr diplomatische Vertretungen der Russischen F\u00f6deration und der Republik Kasachstan bestimmt.<\/p><p>Das Buch ist auf der Grundlage der praktischen Erfahrung, der besuchten Fortbildungsveranstaltungen, der Recherche in der einschl\u00e4gigen Fachliteratur, in den relevanten Foren und zahlreichen Internet-Ressourcen entstanden. Die Originalurkunden und deren \u00dcbersetzungen stammen aus der \u00dcbersetzerpraxis.<\/p><p>Die Muster\u00fcbersetzungen wurden nach bestem Wissen und Gewissen erstellt und sind als eine Sammlung von Erfahrungen und Tipps sowie als eine unverbindliche Empfehlung f\u00fcr die Anfertigung von Urkunden\u00fcbersetzungen im Sprachenpaar Deutsch\/Russisch zu verstehen. Der abschlie\u00dfende Teil besteht aus Referenzmaterial (Glossare in beiden \u00dcbersetzungsrichtungen, \u00dcbersetzerbezeichnungen und Best\u00e4tigungsvermerke der L\u00e4nder sowie Transliterations- und Transkriptionstabellen f\u00fcr jeweilige Sprachrichtungen).<\/p><p>Herausgeber: BD\u00dc Weiterbildungs- und Fachverlagsgesellschaft mbH<\/p><p>Seiten: 178<\/p><p>ISBN: 9783938430705<\/p><p>Erscheinungsjahr: 2016<\/p><p>Preis: 31,00 Euro + Versand per Einschreiben (Einwurf) innerhalb Deutschlands 4,00 Euro<\/p>\t\t\t\t\t<\/div>\n\t\t\t\t\t\t<\/div>\n\t\t\t\t<\/div>\n\t\t\t\t\t\t<\/div>\n\t\t\t\t\t<\/div>\n\t\t<\/div>\n\t\t\t\t\t\t\t\t<\/div>\n\t\t\t\t\t<\/div>\n\t\t<\/section>\n\t\t\t\t<section class=\"elementor-section elementor-top-section elementor-element elementor-element-32d61b16 elementor-section-content-middle elementor-reverse-mobile elementor-section-boxed elementor-section-height-default elementor-section-height-default\" data-id=\"32d61b16\" data-element_type=\"section\" data-settings=\"{&quot;background_background&quot;:&quot;none&quot;}\">\n\t\t\t\t\t\t<div class=\"elementor-container elementor-column-gap-default\">\n\t\t\t\t\t\t\t<div class=\"elementor-row\">\n\t\t\t\t\t<div class=\"elementor-column elementor-col-100 elementor-top-column elementor-element elementor-element-4a40a4e\" data-id=\"4a40a4e\" data-element_type=\"column\">\n\t\t\t<div class=\"elementor-column-wrap elementor-element-populated\">\n\t\t\t\t\t\t\t<div class=\"elementor-widget-wrap\">\n\t\t\t\t\t\t<div class=\"elementor-element elementor-element-67789d94 elementor-widget elementor-widget-text-editor\" data-id=\"67789d94\" data-element_type=\"widget\" data-widget_type=\"text-editor.default\">\n\t\t\t\t<div class=\"elementor-widget-container\">\n\t\t\t\t\t\t\t\t<div class=\"elementor-text-editor elementor-clearfix\">\n\t\t\t\t<p>Oder Sie k\u00f6nnen es bei mir bestellen. Bitte schreiben Sie mir eine formlose E-Mail an <strong>info@lilia-vinnikova.de<\/strong> mit folgenden Informationen:<\/p><p>Ihr Name<\/p><p>Ihre Anschrift<\/p><p>Exemplarzahl<\/p><p>Sie erhalten von mir per E-Mail eine Bestellbest\u00e4tigung mit der Bankverbindung. Sobald die vollst\u00e4ndige Zahlung eingegangen ist, sende ich Ihnen das Buch per Post.<\/p>\t\t\t\t\t<\/div>\n\t\t\t\t\t\t<\/div>\n\t\t\t\t<\/div>\n\t\t\t\t\t\t<\/div>\n\t\t\t\t\t<\/div>\n\t\t<\/div>\n\t\t\t\t\t\t\t\t<\/div>\n\t\t\t\t\t<\/div>\n\t\t<\/section>\n\t\t\t\t<section class=\"elementor-section elementor-top-section elementor-element elementor-element-429dbc8c elementor-section-content-middle elementor-section-boxed elementor-section-height-default elementor-section-height-default\" data-id=\"429dbc8c\" data-element_type=\"section\" data-settings=\"{&quot;background_background&quot;:&quot;classic&quot;}\">\n\t\t\t\t\t\t<div class=\"elementor-container elementor-column-gap-default\">\n\t\t\t\t\t\t\t<div class=\"elementor-row\">\n\t\t\t\t\t<div class=\"elementor-column elementor-col-100 elementor-top-column elementor-element elementor-element-1710cbf4\" data-id=\"1710cbf4\" data-element_type=\"column\">\n\t\t\t<div class=\"elementor-column-wrap elementor-element-populated\">\n\t\t\t\t\t\t\t<div class=\"elementor-widget-wrap\">\n\t\t\t\t\t\t<div class=\"elementor-element elementor-element-322cd1c0 elementor-widget-divider--view-line elementor-widget elementor-widget-divider\" data-id=\"322cd1c0\" data-element_type=\"widget\" data-widget_type=\"divider.default\">\n\t\t\t\t<div class=\"elementor-widget-container\">\n\t\t\t\t\t<div class=\"elementor-divider\">\n\t\t\t<span class=\"elementor-divider-separator\">\n\t\t\t\t\t\t<\/span>\n\t\t<\/div>\n\t\t\t\t<\/div>\n\t\t\t\t<\/div>\n\t\t\t\t<div class=\"elementor-element elementor-element-1ca201a3 elementor-widget elementor-widget-heading\" data-id=\"1ca201a3\" data-element_type=\"widget\" data-widget_type=\"heading.default\">\n\t\t\t\t<div class=\"elementor-widget-container\">\n\t\t\t<h3 class=\"elementor-heading-title elementor-size-large\">\u041a\u041e\u041d\u0422\u0410\u041a\u0422<\/h3>\t\t<\/div>\n\t\t\t\t<\/div>\n\t\t\t\t<div class=\"elementor-element elementor-element-206fbcdf elementor-widget elementor-widget-text-editor\" data-id=\"206fbcdf\" data-element_type=\"widget\" data-widget_type=\"text-editor.default\">\n\t\t\t\t<div class=\"elementor-widget-container\">\n\t\t\t\t\t\t\t\t<div class=\"elementor-text-editor elementor-clearfix\">\n\t\t\t\t<p>\u041f\u043e \u044d\u043b\u0435\u043a\u0442\u0440\u043e\u043d\u043d\u043e\u0439 \u043f\u043e\u0447\u0442\u0435:<strong> info@lilia-vinnikova.de<\/strong><\/p><p>\u041f\u043e \u0442\u0435\u043b\u0435\u0444\u043e\u043d\u0443:\u00a0<strong>+49\u00a0<\/strong><span style=\"font-weight: bolder; font-family: var( --e-global-typography-text-font-family ), Sans-serif;\">178 6163 975<\/span><\/p><p>\u041f\u043e \u043f\u043e\u0447\u0442\u0435:<br \/><strong>\u00dcbersetzerin Russisch\/Deutsch Lilia Vinnikova, <\/strong><span style=\"font-weight: bolder;\">Schulenburger Landstra\u00dfe 128, 30165<\/span><strong>\u00a0Hannover<\/strong><\/p><p>\u0438\u043b\u0438<\/p><p><strong>\u00dcbersetzerin Russisch\/Deutsch Lilia Vinnikova, Eingang A Grafenberger Allee 277-287 A, 40237 D\u00fcsseldorf<\/strong><\/p>\t\t\t\t\t<\/div>\n\t\t\t\t\t\t<\/div>\n\t\t\t\t<\/div>\n\t\t\t\t\t\t<\/div>\n\t\t\t\t\t<\/div>\n\t\t<\/div>\n\t\t\t\t\t\t\t\t<\/div>\n\t\t\t\t\t<\/div>\n\t\t<\/section>\n\t\t\t\t<section class=\"elementor-section elementor-top-section elementor-element elementor-element-7dd5fe89 elementor-section-boxed elementor-section-height-default elementor-section-height-default\" data-id=\"7dd5fe89\" data-element_type=\"section\">\n\t\t\t\t\t\t<div class=\"elementor-container elementor-column-gap-default\">\n\t\t\t\t\t\t\t<div class=\"elementor-row\">\n\t\t\t\t\t<div class=\"elementor-column elementor-col-100 elementor-top-column elementor-element elementor-element-3240674e\" data-id=\"3240674e\" data-element_type=\"column\">\n\t\t\t<div class=\"elementor-column-wrap elementor-element-populated\">\n\t\t\t\t\t\t\t<div class=\"elementor-widget-wrap\">\n\t\t\t\t\t\t<div class=\"elementor-element elementor-element-648bede5 elementor-widget elementor-widget-text-editor\" data-id=\"648bede5\" data-element_type=\"widget\" data-widget_type=\"text-editor.default\">\n\t\t\t\t<div class=\"elementor-widget-container\">\n\t\t\t\t\t\t\t\t<div class=\"elementor-text-editor elementor-clearfix\">\n\t\t\t\t<p>Copyright \u00a9 2010-2023 Lilia Vinnikova<\/p>\t\t\t\t\t<\/div>\n\t\t\t\t\t\t<\/div>\n\t\t\t\t<\/div>\n\t\t\t\t\t\t<\/div>\n\t\t\t\t\t<\/div>\n\t\t<\/div>\n\t\t\t\t\t\t\t\t<\/div>\n\t\t\t\t\t<\/div>\n\t\t<\/section>\n\t\t\t\t\t\t\t\t\t<\/div>\n\t\t\t<\/div>\n\t\t\t\t\t<\/div>","protected":false},"excerpt":{"rendered":"<p>\u00dcbersetzerin f\u00fcr Russisch und Deutsch Lilia Vinnikova Mein Buch:Muster\u00fcbersetzungen von Urkunden Russisch\u2013Deutsch und Deutsch\u2013Russisch Dieses Buch ist als eine praktische Hilfe f\u00fcr den beruflichen Alltag von Urkunden\u00fcbersetzern f\u00fcr Russisch und Deutsch konzipiert. Am Anfang werden einige n\u00fctzliche Begriffe vorgestellt und praktische Empfehlungen gegeben. Den zentralen Teil des Buchs stellen Originalurkunden sowie Muster\u00fcbersetzungen von Urkunden dar, &hellip; <\/p>\n<p class=\"link-more\"><a href=\"https:\/\/lilia-vinnikova.de\/ru\/buch-musteruebersetzungen-urkunden-russisch-deutsch-und-deutsch-russisch\/\" class=\"more-link\">\u0427\u0438\u0442\u0430\u0442\u044c \u0434\u0430\u043b\u0435\u0435<span class=\"screen-reader-text\"> \u00abMein Buch\u00bb<\/span><\/a><\/p>","protected":false},"author":1,"featured_media":0,"parent":0,"menu_order":0,"comment_status":"closed","ping_status":"closed","template":"elementor_canvas","meta":[],"_links":{"self":[{"href":"https:\/\/lilia-vinnikova.de\/ru\/wp-json\/wp\/v2\/pages\/445"}],"collection":[{"href":"https:\/\/lilia-vinnikova.de\/ru\/wp-json\/wp\/v2\/pages"}],"about":[{"href":"https:\/\/lilia-vinnikova.de\/ru\/wp-json\/wp\/v2\/types\/page"}],"author":[{"embeddable":true,"href":"https:\/\/lilia-vinnikova.de\/ru\/wp-json\/wp\/v2\/users\/1"}],"replies":[{"embeddable":true,"href":"https:\/\/lilia-vinnikova.de\/ru\/wp-json\/wp\/v2\/comments?post=445"}],"version-history":[{"count":54,"href":"https:\/\/lilia-vinnikova.de\/ru\/wp-json\/wp\/v2\/pages\/445\/revisions"}],"predecessor-version":[{"id":929,"href":"https:\/\/lilia-vinnikova.de\/ru\/wp-json\/wp\/v2\/pages\/445\/revisions\/929"}],"wp:attachment":[{"href":"https:\/\/lilia-vinnikova.de\/ru\/wp-json\/wp\/v2\/media?parent=445"}],"curies":[{"name":"wp","href":"https:\/\/api.w.org\/{rel}","templated":true}]}}