{"id":454,"date":"2020-01-29T15:16:15","date_gmt":"2020-01-29T14:16:15","guid":{"rendered":"http:\/\/neuewebsite.lilia-vinnikova.de\/?page_id=454"},"modified":"2023-01-06T19:46:26","modified_gmt":"2023-01-06T18:46:26","slug":"agb","status":"publish","type":"page","link":"https:\/\/lilia-vinnikova.de\/ru\/agb\/","title":{"rendered":"\u041e\u0423\u0417\u0421"},"content":{"rendered":"<div data-elementor-type=\"wp-page\" data-elementor-id=\"454\" class=\"elementor elementor-454\">\n\t\t\t\t\t\t<div class=\"elementor-inner\">\n\t\t\t\t<div class=\"elementor-section-wrap\">\n\t\t\t\t\t\t\t\t\t<section class=\"elementor-section elementor-top-section elementor-element elementor-element-76adb845 elementor-section-boxed elementor-section-height-default elementor-section-height-default\" data-id=\"76adb845\" data-element_type=\"section\">\n\t\t\t\t\t\t<div class=\"elementor-container elementor-column-gap-default\">\n\t\t\t\t\t\t\t<div class=\"elementor-row\">\n\t\t\t\t\t<div class=\"elementor-column elementor-col-100 elementor-top-column elementor-element elementor-element-6b26d130\" data-id=\"6b26d130\" data-element_type=\"column\">\n\t\t\t<div class=\"elementor-column-wrap elementor-element-populated\">\n\t\t\t\t\t\t\t<div class=\"elementor-widget-wrap\">\n\t\t\t\t\t\t<div class=\"elementor-element elementor-element-c4883d8 elementor-widget elementor-widget-wp-widget-maxmegamenu\" data-id=\"c4883d8\" data-element_type=\"widget\" data-widget_type=\"wp-widget-maxmegamenu.default\">\n\t\t\t\t<div class=\"elementor-widget-container\">\n\t\t\t<div id=\"mega-menu-wrap-max_mega_menu_1\" class=\"mega-menu-wrap\"><div class=\"mega-menu-toggle\"><div class=\"mega-toggle-blocks-left\"><\/div><div class=\"mega-toggle-blocks-center\"><\/div><div class=\"mega-toggle-blocks-right\"><div class='mega-toggle-block mega-menu-toggle-animated-block mega-toggle-block-0' id='mega-toggle-block-0'><button aria-label=\"Toggle Menu\" class=\"mega-toggle-animated mega-toggle-animated-slider\" type=\"button\" aria-expanded=\"false\">\n                  <span class=\"mega-toggle-animated-box\">\n                    <span class=\"mega-toggle-animated-inner\"><\/span>\n                  <\/span>\n                <\/button><\/div><\/div><\/div><ul id=\"mega-menu-max_mega_menu_1\" class=\"mega-menu max-mega-menu mega-menu-horizontal mega-no-js\" data-event=\"hover_intent\" data-effect=\"fade_up\" data-effect-speed=\"200\" data-effect-mobile=\"disabled\" data-effect-speed-mobile=\"0\" data-mobile-force-width=\"false\" data-second-click=\"go\" data-document-click=\"collapse\" data-vertical-behaviour=\"standard\" data-breakpoint=\"768\" data-unbind=\"true\" data-mobile-state=\"collapse_all\" data-hover-intent-timeout=\"300\" data-hover-intent-interval=\"100\"><li class='mega-menu-item mega-menu-item-type-post_type mega-menu-item-object-page mega-menu-item-home mega-align-bottom-left mega-menu-flyout mega-menu-item-525' id='mega-menu-item-525'><a class=\"mega-menu-link\" href=\"https:\/\/lilia-vinnikova.de\/ru\/\" tabindex=\"0\">\u041f\u0435\u0440\u0435\u0432\u043e\u0434\u0447\u0438\u043a \u043d\u0435\u043c\u0435\u0446\u043a\u043e\u0433\u043e \u0438 \u0440\u0443\u0441\u0441\u043a\u043e\u0433\u043e \u044f\u0437\u044b\u043a\u043e\u0432 \u041b\u0438\u043b\u0438\u044f \u0412\u0438\u043d\u043d\u0438\u043a\u043e\u0432\u0430<\/a><\/li><li class='mega-menu-item mega-menu-item-type-post_type mega-menu-item-object-page mega-align-bottom-left mega-menu-flyout mega-menu-item-543' id='mega-menu-item-543'><a class=\"mega-menu-link\" href=\"https:\/\/lilia-vinnikova.de\/ru\/uebersetzung-russisch-medizin-recht-technik-werbung\/\" tabindex=\"0\">\u041f\u0435\u0440\u0435\u0432\u043e\u0434 \u0441 \u043d\u0435\u043c\u0435\u0446\u043a\u043e\u0433\u043e \u043d\u0430 \u0440\u0443\u0441\u0441\u043a\u0438\u0439 \u0438 \u0441 \n \u0440\u0443\u0441\u0441\u043a\u043e\u0433\u043e \u043d\u0430 \u043d\u0435\u043c\u0435\u0446\u043a\u0438\u0439<\/a><\/li><li class='mega-menu-item mega-menu-item-type-post_type mega-menu-item-object-page mega-align-bottom-left mega-menu-flyout mega-menu-item-533' id='mega-menu-item-533'><a class=\"mega-menu-link\" href=\"https:\/\/lilia-vinnikova.de\/ru\/beglaubigte-uebersetzung-russisch\/\" tabindex=\"0\">\u0417\u0430\u0432\u0435\u0440\u0435\u043d\u043d\u044b\u0439 \u043f\u0435\u0440\u0435\u0432\u043e\u0434 \u0441 \u0440\u0443\u0441\u0441\u043a\u043e\u0433\u043e \u043d\u0430 \u043d\u0435\u043c\u0435\u0446\u043a\u0438\u0439 \u0438 \u0441 \u043d\u0435\u043c\u0435\u0446\u043a\u043e\u0433\u043e \u043d\u0430 \u0440\u0443\u0441\u0441\u043a\u0438\u0439<\/a><\/li><li class='mega-menu-item mega-menu-item-type-post_type mega-menu-item-object-page mega-align-bottom-left mega-menu-flyout mega-menu-item-539' id='mega-menu-item-539'><a class=\"mega-menu-link\" href=\"https:\/\/lilia-vinnikova.de\/ru\/buch-musteruebersetzungen-urkunden-russisch-deutsch-und-deutsch-russisch\/\" tabindex=\"0\">\u041c\u043e\u044f \u043a\u043d\u0438\u0433\u0430<\/a><\/li><li class='mega-menu-item mega-menu-item-type-post_type mega-menu-item-object-page mega-align-bottom-left mega-menu-flyout mega-menu-item-541' id='mega-menu-item-541'><a class=\"mega-menu-link\" href=\"https:\/\/lilia-vinnikova.de\/ru\/uebersetzer-russisch-medizin-recht-technik-werbung\/\" tabindex=\"0\">\u041e\u0431\u043e \u043c\u043d\u0435<\/a><\/li><li class='mega-menu-item mega-menu-item-type-post_type mega-menu-item-object-page mega-align-bottom-left mega-menu-flyout mega-menu-item-537' id='mega-menu-item-537'><a class=\"mega-menu-link\" href=\"https:\/\/lilia-vinnikova.de\/ru\/kontakt\/\" tabindex=\"0\">\u041a\u043e\u043d\u0442\u0430\u043a\u0442<\/a><\/li><\/ul><\/div>\t\t<\/div>\n\t\t\t\t<\/div>\n\t\t\t\t\t\t<\/div>\n\t\t\t\t\t<\/div>\n\t\t<\/div>\n\t\t\t\t\t\t\t\t<\/div>\n\t\t\t\t\t<\/div>\n\t\t<\/section>\n\t\t\t\t<section class=\"elementor-section elementor-top-section elementor-element elementor-element-2ef70c32 elementor-section-boxed elementor-section-height-default elementor-section-height-default\" data-id=\"2ef70c32\" data-element_type=\"section\" data-settings=\"{&quot;background_background&quot;:&quot;classic&quot;}\">\n\t\t\t\t\t\t\t<div class=\"elementor-background-overlay\"><\/div>\n\t\t\t\t\t\t\t<div class=\"elementor-container elementor-column-gap-default\">\n\t\t\t\t\t\t\t<div class=\"elementor-row\">\n\t\t\t\t\t<div class=\"elementor-column elementor-col-100 elementor-top-column elementor-element elementor-element-3f993049\" data-id=\"3f993049\" data-element_type=\"column\">\n\t\t\t<div class=\"elementor-column-wrap elementor-element-populated\">\n\t\t\t\t\t\t\t<div class=\"elementor-widget-wrap\">\n\t\t\t\t\t\t<div class=\"elementor-element elementor-element-8ec45c5 elementor-widget elementor-widget-heading\" data-id=\"8ec45c5\" data-element_type=\"widget\" data-widget_type=\"heading.default\">\n\t\t\t\t<div class=\"elementor-widget-container\">\n\t\t\t<h1 class=\"elementor-heading-title elementor-size-large\">\u041f\u0435\u0440\u0435\u0432\u043e\u0434\u0447\u0438\u043a \u043d\u0435\u043c\u0435\u0446\u043a\u043e\u0433\u043e \u0438 \u0440\u0443\u0441\u0441\u043a\u043e\u0433\u043e \u044f\u0437\u044b\u043a\u043e\u0432 \u041b\u0438\u043b\u0438\u044f \u0412\u0438\u043d\u043d\u0438\u043a\u043e\u0432\u0430<\/h1>\t\t<\/div>\n\t\t\t\t<\/div>\n\t\t\t\t\t\t<\/div>\n\t\t\t\t\t<\/div>\n\t\t<\/div>\n\t\t\t\t\t\t\t\t<\/div>\n\t\t\t\t\t<\/div>\n\t\t<\/section>\n\t\t\t\t<section class=\"elementor-section elementor-top-section elementor-element elementor-element-3464a4cd elementor-section-content-middle elementor-section-boxed elementor-section-height-default elementor-section-height-default\" data-id=\"3464a4cd\" data-element_type=\"section\" data-settings=\"{&quot;background_background&quot;:&quot;classic&quot;}\">\n\t\t\t\t\t\t<div class=\"elementor-container elementor-column-gap-default\">\n\t\t\t\t\t\t\t<div class=\"elementor-row\">\n\t\t\t\t\t<div class=\"elementor-column elementor-col-100 elementor-top-column elementor-element elementor-element-6308c53d\" data-id=\"6308c53d\" data-element_type=\"column\">\n\t\t\t<div class=\"elementor-column-wrap elementor-element-populated\">\n\t\t\t\t\t\t\t<div class=\"elementor-widget-wrap\">\n\t\t\t\t\t\t<div class=\"elementor-element elementor-element-8b9f6c5 elementor-widget-divider--view-line elementor-widget elementor-widget-divider\" data-id=\"8b9f6c5\" data-element_type=\"widget\" data-widget_type=\"divider.default\">\n\t\t\t\t<div class=\"elementor-widget-container\">\n\t\t\t\t\t<div class=\"elementor-divider\">\n\t\t\t<span class=\"elementor-divider-separator\">\n\t\t\t\t\t\t<\/span>\n\t\t<\/div>\n\t\t\t\t<\/div>\n\t\t\t\t<\/div>\n\t\t\t\t<div class=\"elementor-element elementor-element-69803571 elementor-widget elementor-widget-heading\" data-id=\"69803571\" data-element_type=\"widget\" data-widget_type=\"heading.default\">\n\t\t\t\t<div class=\"elementor-widget-container\">\n\t\t\t<h2 class=\"elementor-heading-title elementor-size-large\">Allgemeine Gesch\u00e4ftsbedingungen<\/h2>\t\t<\/div>\n\t\t\t\t<\/div>\n\t\t\t\t<div class=\"elementor-element elementor-element-3f9c7233 elementor-widget elementor-widget-text-editor\" data-id=\"3f9c7233\" data-element_type=\"widget\" data-widget_type=\"text-editor.default\">\n\t\t\t\t<div class=\"elementor-widget-container\">\n\t\t\t\t\t\t\t\t<div class=\"elementor-text-editor elementor-clearfix\">\n\t\t\t\t<p>1. Geltungsbereich&nbsp;<\/p>\n<p>(1) Diese Gesch\u00e4ftsbedingungen gelten f\u00fcr Vertr\u00e4ge (Auftr\u00e4ge) zwischen Lilia Vinnikova und ihrem Auftraggeber, soweit nicht etwas anderes ausdr\u00fccklich vereinbart oder gesetzlich unabdingbar vorgeschrieben ist.&nbsp;<\/p>\n<p>(2) Allgemeine Gesch\u00e4ftsbedingungen des Auftraggebers sind f\u00fcr Lilia Vinnikova nur verbindlich, wenn sie sie ausdr\u00fccklich anerkannt hat.&nbsp;<\/p>\n<p>2. Umfang des \u00dcbersetzungsauftrags<\/p>\n<p>Die \u00dcbersetzung wird nach den Grunds\u00e4tzen ordnungsgem\u00e4\u00dfer Berufsaus\u00fcbung sorgf\u00e4ltig ausgef\u00fchrt. Der Auftraggeber erh\u00e4lt die (schriftlich, auch per Email, oder m\u00fcndlich oder fernm\u00fcndlich) vereinbarte Ausfertigung der \u00dcbersetzung.<\/p>\n<p>3. Mitwirkungs- und Aufkl\u00e4rungspflicht des Auftraggebers<\/p>\n<p>(1) Der Auftraggeber hat Lilia Vinnikova rechtzeitig \u00fcber gew\u00fcnschte Ausf\u00fchrungsformen der \u00dcbersetzung zu unterrichten (Verwendungszweck, Lieferung auf Datentr\u00e4gern, Anzahl der Ausfertigungen, Druckreife, \u00e4u\u00dfere Form der \u00dcbersetzung etc.). Ist die \u00dcbersetzung f\u00fcr den Druck bestimmt, \u00fcberl\u00e4sst der Auftraggeber Lilia Vinnikova einen Korrekturabzug rechtzeitig vor Drucklegung, so dass Lilia Vinnikova eventuelle Fehler beseitigen kann. Namen und Zahlen sind vom Auftraggeber zu \u00fcberpr\u00fcfen.<\/p>\n<p>(2) Informationen und Unterlagen, die zur Erstellung der \u00dcbersetzung notwendig sind, stellt der Auftraggeber Lilia Vinnikova bei Erteilung des Auftrags zur Verf\u00fcgung (Terminologie des Auftraggebers, Abbildungen, Zeichnungen, Tabellen, Abk\u00fcrzungen, interne Begriffe etc.).<\/p>\n<p>(3) Fehler und Verz\u00f6gerungen, die sich aus der mangelnden oder verz\u00f6gerten Lieferung von Informationsmaterial und Anweisungen ergeben, gehen nicht zu Lasten von Lilia Vinnikova.<\/p>\n<p>(4) Der Auftraggeber \u00fcbernimmt die Haftung f\u00fcr die Rechte an einem Text und stellt sicher, dass eine \u00dcbersetzung angefertigt werden darf. Von entsprechenden Anspr\u00fcchen Dritter stellt er Lilia Vinnikova frei.<\/p>\n<p>4. Abnahme<\/p>\n<p>\u00dcbersetzungen unterliegen dem Werkvertragsrecht und bed\u00fcrfen der Abnahme nach \u00a7640 BGB. Die \u00dcbersetzung gilt als abgenommen,<\/p>\n<p>(1) wenn der Auftraggeber die \u00dcbersetzung nutzt oder<\/p>\n<p>(2) wenn der Auftraggeber die Rechnung f\u00fcr die \u00dcbersetzung vollst\u00e4ndig begleicht oder<\/p>\n<p>(3) wenn der Auftraggeber die \u00dcbersetzung formell abnimmt. Die \u00dcbersetzung gilt als formell abgenommen, wenn der Auftraggeber innerhalb von 7 (sieben) Tagen ab Lieferdatum der \u00dcbersetzung keine M\u00e4ngel anzeigt.<\/p>\n<p>5. Rechte des Auftraggebers bei M\u00e4ngeln<\/p>\n<p>(1) Lilia Vinnikova beh\u00e4lt sich das Recht auf M\u00e4ngelbeseitigung vor. Der Auftraggeber hat zun\u00e4chst nur Anspruch auf Beseitigung von m\u00f6glichen in der \u00dcbersetzung enthaltenen M\u00e4ngeln.<\/p>\n<p>(2) Der Anspruch auf M\u00e4ngelbeseitigung muss vom Auftraggeber unter genauer Angabe des Mangels geltend gemacht werden.<\/p>\n<p>(3) Beseitigt Lilia Vinnikova die geltend gemachten M\u00e4ngel nicht innerhalb einer angemessenen Frist oder lehnt sie die M\u00e4ngelbeseitigung ab oder ist die M\u00e4ngelbeseitigung als gescheitert anzusehen, so kann der Auftraggeber nach Anh\u00f6rung des Auftragnehmers auf dessen Kosten die M\u00e4ngel durch einen anderen \u00dcbersetzer beseitigen lassen oder wahlweise die Herabsetzung der Verg\u00fctung verlangen oder vom Vertrag zur\u00fccktreten. Die M\u00e4ngelbeseitigung gilt als gescheitert, wenn auch nach mehreren Nachbesserungsversuchen die \u00dcbersetzung weiterhin M\u00e4ngel aufweist.<\/p>\n<p>6. Haftung<\/p>\n<p>(1) Lilia Vinnikova haftet bei grober Fahrl\u00e4ssigkeit und Vorsatz. Nicht als grobe Fahrl\u00e4ssigkeit einzustufen sind Sch\u00e4den, die durch Computerausf\u00e4lle und \u00dcbertragungsst\u00f6rungen bei E-Mail-Versendung oder durch Viren verursacht worden sind. Lilia Vinnikova trifft durch Anti-Virus-Software hiergegen Vorkehrungen. Die Haftung bei leichter Fahrl\u00e4ssigkeit gilt ausschlie\u00dflich im Falle der Verletzung von Hauptpflichten.<\/p>\n<p>(2) Der Anspruch des Auftraggebers gegen Lilia Vinnikova auf Ersatz eines nach Nr. 5 (1) Satz 4 verursachten Schadens wird auf 5.000 EUR begrenzt; im Einzelfall ist die ausdr\u00fcckliche Vereinbarung eines h\u00f6heren Schadensersatzanspruchs m\u00f6glich.<\/p>\n<p>(3) Der Ausschluss oder die Begrenzung der Haftung nach Nr. 5 (1) und (2) gilt nicht f\u00fcr Sch\u00e4den eines Verbrauchers aus der Verletzung des Lebens, des K\u00f6rpers oder der Gesundheit.<\/p>\n<p>(4) Anspr\u00fcche des Auftraggebers gegen Lilia Vinnikova wegen M\u00e4ngeln der \u00dcbersetzung (\u00a7 634a BGB) verj\u00e4hren, sofern nicht Arglist vorliegt, in einem Jahr seit der Abnahme der \u00dcbersetzung.<\/p>\n<p>(5) Die Haftung f\u00fcr Mangelfolgesch\u00e4den ist entgegen \u00a7 634a BGB auf die gesetzliche Verj\u00e4hrungsfrist beschr\u00e4nkt. Hiervon bleibt \u00a7 202 Abs. 1 BGB unber\u00fchrt.<\/p>\n<p>7. Berufsgeheimnis<\/p>\n<p>Lilia Vinnikova verpflichtet sich, Stillschweigen \u00fcber alle Tatsachen zu bewahren, die ihr im Zusammenhang mit einer T\u00e4tigkeit f\u00fcr den Auftraggeber bekannt werden.<\/p>\n<p>8. Mitwirkung Dritter<\/p>\n<p>(1) Lilia Vinnikova ist berechtigt, zur Ausf\u00fchrung des Auftrags Mitarbeiter oder fachkundige Dritte heranzuziehen.<\/p>\n<p>(2) Bei Heranziehung von fachkundigen Dritten hat Lilia Vinnikova daf\u00fcr zu sorgen, dass sich diese zur Verschwiegenheit entsprechend Nr. 6. verpflichten.<\/p>\n<p>9. Verg\u00fctung<\/p>\n<p>(1) Die Rechnungen von Lilia Vinnikova sind f\u00e4llig und zahlbar ohne Abzug innerhalb von 14 Tagen nach Rechnungsdatum, soweit nichts anderes ausdr\u00fccklich vereinbart.<\/p>\n<p>(2) Alle Preise verstehen sich netto zuz\u00fcglich der gesetzlichen Umsatzsteuer.<\/p>\n<p>(3) Lilia Vinnikova hat neben dem vereinbarten Honorar Anspruch auf die Erstattung der tats\u00e4chlich angefallenen und mit dem Auftraggeber abgestimmten Aufwendungen. In allen F\u00e4llen wird die Mehrwertsteuer, soweit gesetzlich notwendig, zus\u00e4tzlich berechnet. Lilia Vinnikova kann bei umfangreichen \u00dcbersetzungen einen angemessenen Vorschuss verlangen. Lilia Vinnikova kann mit dem Auftraggeber vorher schriftlich vereinbaren, dass die \u00dcbergabe ihrer Arbeit von der vorherigen Zahlung ihres vollen Honorars abh\u00e4ngig ist.<\/p>\n<p>(4) Ist die H\u00f6he des Honorars nicht vereinbart, so ist eine nach Art und Schwierigkeit angemessene und \u00fcbliche Verg\u00fctung geschuldet. Diese unterschreitet die jeweils geltenden S\u00e4tze des Justizverg\u00fctungs- und -entsch\u00e4digungsgesetzes (JVEG) nicht.<\/p>\n<p>10. Eigentumsvorbehalt und Urheberrecht<\/p>\n<p>(1) Die \u00dcbersetzung bleibt bis zur vollst\u00e4ndigen Bezahlung Eigentum von Lilia Vinnikova. Bis dahin hat der Auftraggeber kein Nutzungsrecht.<\/p>\n<p>(2) Lilia Vinnikova beh\u00e4lt sich ein etwa entstandenes Urheberrecht vor.<\/p>\n<p>11. R\u00fccktrittsrecht<\/p>\n<p>Soweit die Erteilung des \u00dcbersetzungsauftrags darauf beruht, dass Lilia Vinnikova die Anfertigung von \u00dcbersetzungen im Internet angeboten hat, verzichtet der Auftraggeber auf sein m\u00f6glicherweise bestehendes Widerrufsrecht f\u00fcr den Fall, dass Lilia Vinnikova mit der \u00dcbersetzungsarbeit begonnen und den Auftraggeber hiervon verst\u00e4ndigt hat.<\/p>\n<p>12. Anwendbares Recht<\/p>\n<p>(1) F\u00fcr den Auftrag und alle sich daraus ergebenden Anspr\u00fcche gilt deutsches Recht.<\/p>\n<p>(2) Erf\u00fcllungsort ist der Wohnsitz des \u00dcbersetzers oder der Sitz seiner beruflichen<\/p>\n<p>Niederlassung.<\/p>\n<p>(3) Gerichtsstand ist der Erf\u00fcllungsort.<\/p>\n<p>(4) Die Vertragssprache ist Deutsch.<\/p>\n<p>13. Salvatorische Klausel<\/p>\n<p>Die Wirksamkeit dieser Gesch\u00e4ftsbedingungen wird durch die Nichtigkeit oder Unwirksamkeit einzelner Bestimmungen nicht ber\u00fchrt. Die unwirksame Bestimmung ist durch eine g\u00fcltige zu ersetzen, die dem wirtschaftlichen Ergebnis bzw. dem angestrebten Zweck m\u00f6glichst nahe kommt.<\/p>\n<p>14. \u00c4nderungen und Erg\u00e4nzungen<\/p>\n<p>\u00c4nderungen und Erg\u00e4nzungen dieser AGB sind nur g\u00fcltig, wenn sie schriftlich vereinbart worden sind. Dies gilt auch f\u00fcr die \u00c4nderung des Schriftformerfordernisses selbst.<\/p>\n<p>Stand: Januar 2020<\/p>\t\t\t\t\t<\/div>\n\t\t\t\t\t\t<\/div>\n\t\t\t\t<\/div>\n\t\t\t\t\t\t<\/div>\n\t\t\t\t\t<\/div>\n\t\t<\/div>\n\t\t\t\t\t\t\t\t<\/div>\n\t\t\t\t\t<\/div>\n\t\t<\/section>\n\t\t\t\t<section class=\"elementor-section elementor-top-section elementor-element elementor-element-3705fd16 elementor-section-content-middle elementor-reverse-mobile elementor-section-boxed elementor-section-height-default elementor-section-height-default\" data-id=\"3705fd16\" data-element_type=\"section\" data-settings=\"{&quot;background_background&quot;:&quot;none&quot;}\">\n\t\t\t\t\t\t<div class=\"elementor-container elementor-column-gap-default\">\n\t\t\t\t\t\t\t<div class=\"elementor-row\">\n\t\t\t\t\t<div class=\"elementor-column elementor-col-100 elementor-top-column elementor-element elementor-element-4186bb3\" data-id=\"4186bb3\" data-element_type=\"column\">\n\t\t\t<div class=\"elementor-column-wrap elementor-element-populated\">\n\t\t\t\t\t\t\t<div class=\"elementor-widget-wrap\">\n\t\t\t\t\t\t<div class=\"elementor-element elementor-element-77703836 elementor-widget-divider--view-line elementor-widget elementor-widget-divider\" data-id=\"77703836\" data-element_type=\"widget\" data-widget_type=\"divider.default\">\n\t\t\t\t<div class=\"elementor-widget-container\">\n\t\t\t\t\t<div class=\"elementor-divider\">\n\t\t\t<span class=\"elementor-divider-separator\">\n\t\t\t\t\t\t<\/span>\n\t\t<\/div>\n\t\t\t\t<\/div>\n\t\t\t\t<\/div>\n\t\t\t\t\t\t<\/div>\n\t\t\t\t\t<\/div>\n\t\t<\/div>\n\t\t\t\t\t\t\t\t<\/div>\n\t\t\t\t\t<\/div>\n\t\t<\/section>\n\t\t\t\t<section class=\"elementor-section elementor-top-section elementor-element elementor-element-62f8bc5e elementor-section-boxed elementor-section-height-default elementor-section-height-default\" data-id=\"62f8bc5e\" data-element_type=\"section\">\n\t\t\t\t\t\t<div class=\"elementor-container elementor-column-gap-default\">\n\t\t\t\t\t\t\t<div class=\"elementor-row\">\n\t\t\t\t\t<div class=\"elementor-column elementor-col-100 elementor-top-column elementor-element elementor-element-1d35c4d8\" data-id=\"1d35c4d8\" data-element_type=\"column\">\n\t\t\t<div class=\"elementor-column-wrap elementor-element-populated\">\n\t\t\t\t\t\t\t<div class=\"elementor-widget-wrap\">\n\t\t\t\t\t\t<div class=\"elementor-element elementor-element-70cdae28 elementor-widget elementor-widget-text-editor\" data-id=\"70cdae28\" data-element_type=\"widget\" data-widget_type=\"text-editor.default\">\n\t\t\t\t<div class=\"elementor-widget-container\">\n\t\t\t\t\t\t\t\t<div class=\"elementor-text-editor elementor-clearfix\">\n\t\t\t\t<p>Copyright \u00a9 2010-2023 Lilia Vinnikova<\/p>\t\t\t\t\t<\/div>\n\t\t\t\t\t\t<\/div>\n\t\t\t\t<\/div>\n\t\t\t\t\t\t<\/div>\n\t\t\t\t\t<\/div>\n\t\t<\/div>\n\t\t\t\t\t\t\t\t<\/div>\n\t\t\t\t\t<\/div>\n\t\t<\/section>\n\t\t\t\t\t\t\t\t\t<\/div>\n\t\t\t<\/div>\n\t\t\t\t\t<\/div>","protected":false},"excerpt":{"rendered":"<p>\u00dcbersetzerin f\u00fcr Russisch und Deutsch Lilia Vinnikova Allgemeine Gesch\u00e4ftsbedingungen 1. Geltungsbereich&nbsp; (1) Diese Gesch\u00e4ftsbedingungen gelten f\u00fcr Vertr\u00e4ge (Auftr\u00e4ge) zwischen Lilia Vinnikova und ihrem Auftraggeber, soweit nicht etwas anderes ausdr\u00fccklich vereinbart oder gesetzlich unabdingbar vorgeschrieben ist.&nbsp; (2) Allgemeine Gesch\u00e4ftsbedingungen des Auftraggebers sind f\u00fcr Lilia Vinnikova nur verbindlich, wenn sie sie ausdr\u00fccklich anerkannt hat.&nbsp; 2. Umfang des &hellip; <\/p>\n<p class=\"link-more\"><a href=\"https:\/\/lilia-vinnikova.de\/ru\/agb\/\" class=\"more-link\">\u0427\u0438\u0442\u0430\u0442\u044c \u0434\u0430\u043b\u0435\u0435<span class=\"screen-reader-text\"> \u00abAGB\u00bb<\/span><\/a><\/p>","protected":false},"author":1,"featured_media":0,"parent":0,"menu_order":0,"comment_status":"closed","ping_status":"closed","template":"elementor_canvas","meta":[],"_links":{"self":[{"href":"https:\/\/lilia-vinnikova.de\/ru\/wp-json\/wp\/v2\/pages\/454"}],"collection":[{"href":"https:\/\/lilia-vinnikova.de\/ru\/wp-json\/wp\/v2\/pages"}],"about":[{"href":"https:\/\/lilia-vinnikova.de\/ru\/wp-json\/wp\/v2\/types\/page"}],"author":[{"embeddable":true,"href":"https:\/\/lilia-vinnikova.de\/ru\/wp-json\/wp\/v2\/users\/1"}],"replies":[{"embeddable":true,"href":"https:\/\/lilia-vinnikova.de\/ru\/wp-json\/wp\/v2\/comments?post=454"}],"version-history":[{"count":23,"href":"https:\/\/lilia-vinnikova.de\/ru\/wp-json\/wp\/v2\/pages\/454\/revisions"}],"predecessor-version":[{"id":914,"href":"https:\/\/lilia-vinnikova.de\/ru\/wp-json\/wp\/v2\/pages\/454\/revisions\/914"}],"wp:attachment":[{"href":"https:\/\/lilia-vinnikova.de\/ru\/wp-json\/wp\/v2\/media?parent=454"}],"curies":[{"name":"wp","href":"https:\/\/api.w.org\/{rel}","templated":true}]}}